{"id":13432,"date":"2025-03-04T20:03:55","date_gmt":"2025-03-04T20:03:55","guid":{"rendered":"https:\/\/nutribem.net\/?post_type=product&#038;p=13432"},"modified":"2025-03-04T20:03:55","modified_gmt":"2025-03-04T20:03:55","slug":"bebedouro-aves-5-lt-com-rosca-rea","status":"publish","type":"product","link":"https:\/\/nutribem.net\/loja\/produto\/bebedouro-aves-5-lt-com-rosca-rea\/","title":{"rendered":"BEBEDOURO AVES 5 LT COM ROSCA REA"},"content":{"rendered":"<p>Bebedouro com Rosca desenvolvido especialmente para aves. Feito em pl\u00e1stico, comporta 5 litros de \u00e1gua. Op\u00e7\u00e3o perfeita para sua cria\u00e7\u00e3o de aves.<\/p>\n","protected":false},"excerpt":{"rendered":"<p>Bebedouro com Rosca desenvolvido especialmente para aves. Feito em pl\u00e1stico, comporta 5 litros de \u00e1gua. Op\u00e7\u00e3o perfeita para sua cria\u00e7\u00e3o<\/p>\n","protected":false},"featured_media":13433,"comment_status":"open","ping_status":"closed","template":"","meta":[],"pwb-brand":[],"product_brand":[],"product_cat":[166],"product_tag":[],"class_list":{"0":"post-13432","1":"product","2":"type-product","3":"status-publish","4":"has-post-thumbnail","6":"product_cat-equipamentos-veterinarios","8":"first","9":"instock","10":"shipping-taxable","11":"product-type-simple"},"brands":[],"_links":{"self":[{"href":"https:\/\/nutribem.net\/loja\/wp-json\/wp\/v2\/product\/13432","targetHints":{"allow":["GET"]}}],"collection":[{"href":"https:\/\/nutribem.net\/loja\/wp-json\/wp\/v2\/product"}],"about":[{"href":"https:\/\/nutribem.net\/loja\/wp-json\/wp\/v2\/types\/product"}],"replies":[{"embeddable":true,"href":"https:\/\/nutribem.net\/loja\/wp-json\/wp\/v2\/comments?post=13432"}],"wp:featuredmedia":[{"embeddable":true,"href":"https:\/\/nutribem.net\/loja\/wp-json\/wp\/v2\/media\/13433"}],"wp:attachment":[{"href":"https:\/\/nutribem.net\/loja\/wp-json\/wp\/v2\/media?parent=13432"}],"wp:term":[{"taxonomy":"pwb-brand","embeddable":true,"href":"https:\/\/nutribem.net\/loja\/wp-json\/wp\/v2\/pwb-brand?post=13432"},{"taxonomy":"product_brand","embeddable":true,"href":"https:\/\/nutribem.net\/loja\/wp-json\/wp\/v2\/product_brand?post=13432"},{"taxonomy":"product_cat","embeddable":true,"href":"https:\/\/nutribem.net\/loja\/wp-json\/wp\/v2\/product_cat?post=13432"},{"taxonomy":"product_tag","embeddable":true,"href":"https:\/\/nutribem.net\/loja\/wp-json\/wp\/v2\/product_tag?post=13432"}],"curies":[{"name":"wp","href":"https:\/\/api.w.org\/{rel}","templated":true}]}}