{"id":13426,"date":"2025-03-04T19:46:31","date_gmt":"2025-03-04T19:46:31","guid":{"rendered":"https:\/\/nutribem.net\/?post_type=product&#038;p=13426"},"modified":"2025-03-04T19:46:31","modified_gmt":"2025-03-04T19:46:31","slug":"bebedouro-australiano-para-gado-500-lt","status":"publish","type":"product","link":"https:\/\/nutribem.net\/loja\/produto\/bebedouro-australiano-para-gado-500-lt\/","title":{"rendered":"BEBEDOURO AUSTRALIANO PARA GADO  500 LT"},"content":{"rendered":"<p>Bebedouro para animais gado bovino, equino redondo resist\u00eante tipo Australiano.<\/p>\n<p>Diferente dos modelos produzidos em pl\u00e1stico o modelo em metal revestido traz maior vida \u00fatil para o produto tornando o investimento muito mais rent\u00e1vel a longo prazo sem precisar trocar por motivos de ressecamento.<\/p>\n","protected":false},"excerpt":{"rendered":"<p>Bebedouro para animais gado bovino, equino redondo resist\u00eante tipo Australiano. Diferente dos modelos produzidos em pl\u00e1stico o modelo em metal<\/p>\n","protected":false},"featured_media":13427,"comment_status":"open","ping_status":"closed","template":"","meta":[],"pwb-brand":[],"product_brand":[],"product_cat":[166],"product_tag":[],"class_list":{"0":"post-13426","1":"product","2":"type-product","3":"status-publish","4":"has-post-thumbnail","6":"product_cat-equipamentos-veterinarios","8":"first","9":"instock","10":"shipping-taxable","11":"product-type-simple"},"brands":[],"_links":{"self":[{"href":"https:\/\/nutribem.net\/loja\/wp-json\/wp\/v2\/product\/13426","targetHints":{"allow":["GET"]}}],"collection":[{"href":"https:\/\/nutribem.net\/loja\/wp-json\/wp\/v2\/product"}],"about":[{"href":"https:\/\/nutribem.net\/loja\/wp-json\/wp\/v2\/types\/product"}],"replies":[{"embeddable":true,"href":"https:\/\/nutribem.net\/loja\/wp-json\/wp\/v2\/comments?post=13426"}],"wp:featuredmedia":[{"embeddable":true,"href":"https:\/\/nutribem.net\/loja\/wp-json\/wp\/v2\/media\/13427"}],"wp:attachment":[{"href":"https:\/\/nutribem.net\/loja\/wp-json\/wp\/v2\/media?parent=13426"}],"wp:term":[{"taxonomy":"pwb-brand","embeddable":true,"href":"https:\/\/nutribem.net\/loja\/wp-json\/wp\/v2\/pwb-brand?post=13426"},{"taxonomy":"product_brand","embeddable":true,"href":"https:\/\/nutribem.net\/loja\/wp-json\/wp\/v2\/product_brand?post=13426"},{"taxonomy":"product_cat","embeddable":true,"href":"https:\/\/nutribem.net\/loja\/wp-json\/wp\/v2\/product_cat?post=13426"},{"taxonomy":"product_tag","embeddable":true,"href":"https:\/\/nutribem.net\/loja\/wp-json\/wp\/v2\/product_tag?post=13426"}],"curies":[{"name":"wp","href":"https:\/\/api.w.org\/{rel}","templated":true}]}}