{"id":13413,"date":"2025-03-04T14:31:16","date_gmt":"2025-03-04T14:31:16","guid":{"rendered":"https:\/\/nutribem.net\/?post_type=product&#038;p=13413"},"modified":"2025-03-04T14:31:16","modified_gmt":"2025-03-04T14:31:16","slug":"mascara-de-solda-com-lente-auto-esc-c-reg-4a13","status":"publish","type":"product","link":"https:\/\/nutribem.net\/loja\/produto\/mascara-de-solda-com-lente-auto-esc-c-reg-4a13\/","title":{"rendered":"M\u00c1SCARA DE SOLDA COM LENTE AUTO ESC C\/ REG 4A13"},"content":{"rendered":"<p>A M\u00e1scara de Auto-Escurecimento CR-2 tem escurecimento autom\u00e1tico com regulagem de grau de escurecimento<\/p>\n<p>&#8211; Sua janela transparente com luz natural (DIN3) ajusta automaticamente para at\u00e9 DIN 9 \u00e0 13 (regulagem manual) em 1\/100000 segundos ap\u00f3s detectar a luz da solda ou equivalente<\/p>\n<p>-Sua lente filtra 100% da luz Infra-vermelho e Ultra-Violeta<\/p>\n<p>-\u00c9 alimentada por bateira interna que assim que come\u00e7a a solda (Arco El\u00e9trico) a mascara come\u00e7a a funcionar.<\/p>\n<p>INDICADA PARA TODOS OS TIPOS DE SOLDA E CORTE PLASMA.COM REGULAGEM DE TONALIDADE E TEMPO DE RESPOSTA.<\/p>\n","protected":false},"excerpt":{"rendered":"<p>A M\u00e1scara de Auto-Escurecimento CR-2 tem escurecimento autom\u00e1tico com regulagem de grau de escurecimento &#8211; Sua janela transparente com luz<\/p>\n","protected":false},"featured_media":13414,"comment_status":"open","ping_status":"closed","template":"","meta":[],"pwb-brand":[],"product_brand":[],"product_cat":[164],"product_tag":[],"class_list":{"0":"post-13413","1":"product","2":"type-product","3":"status-publish","4":"has-post-thumbnail","6":"product_cat-epis","8":"first","9":"instock","10":"shipping-taxable","11":"product-type-simple"},"brands":[],"_links":{"self":[{"href":"https:\/\/nutribem.net\/loja\/wp-json\/wp\/v2\/product\/13413","targetHints":{"allow":["GET"]}}],"collection":[{"href":"https:\/\/nutribem.net\/loja\/wp-json\/wp\/v2\/product"}],"about":[{"href":"https:\/\/nutribem.net\/loja\/wp-json\/wp\/v2\/types\/product"}],"replies":[{"embeddable":true,"href":"https:\/\/nutribem.net\/loja\/wp-json\/wp\/v2\/comments?post=13413"}],"wp:featuredmedia":[{"embeddable":true,"href":"https:\/\/nutribem.net\/loja\/wp-json\/wp\/v2\/media\/13414"}],"wp:attachment":[{"href":"https:\/\/nutribem.net\/loja\/wp-json\/wp\/v2\/media?parent=13413"}],"wp:term":[{"taxonomy":"pwb-brand","embeddable":true,"href":"https:\/\/nutribem.net\/loja\/wp-json\/wp\/v2\/pwb-brand?post=13413"},{"taxonomy":"product_brand","embeddable":true,"href":"https:\/\/nutribem.net\/loja\/wp-json\/wp\/v2\/product_brand?post=13413"},{"taxonomy":"product_cat","embeddable":true,"href":"https:\/\/nutribem.net\/loja\/wp-json\/wp\/v2\/product_cat?post=13413"},{"taxonomy":"product_tag","embeddable":true,"href":"https:\/\/nutribem.net\/loja\/wp-json\/wp\/v2\/product_tag?post=13413"}],"curies":[{"name":"wp","href":"https:\/\/api.w.org\/{rel}","templated":true}]}}