{"id":13411,"date":"2025-03-04T14:22:06","date_gmt":"2025-03-04T14:22:06","guid":{"rendered":"https:\/\/nutribem.net\/?post_type=product&#038;p=13411"},"modified":"2025-03-04T14:22:07","modified_gmt":"2025-03-04T14:22:07","slug":"filtro-para-respirador-rc1p2-carbografite","status":"publish","type":"product","link":"https:\/\/nutribem.net\/loja\/produto\/filtro-para-respirador-rc1p2-carbografite\/","title":{"rendered":"FILTRO PARA RESPIRADOR RC1P2 CARBOGRAFITE"},"content":{"rendered":"<p>&#8211; Filtro RC1 para part\u00edculas classe P2; &#8211; Utilizado sempre aos pares no Respirador Semifacial CG 304N; &#8211; S\u00e3o indicados para prote\u00e7\u00e3o das vias respirat\u00f3rias do usu\u00e1rio contra inala\u00e7\u00e3o de poeiras, n\u00e9voas e fumos; &#8211; Filtros com di\u00e2metro grande e elemento filtrante em uma \u00fanica pe\u00e7a sanfonada, maior efici\u00eancia de filtra\u00e7\u00e3o e menor resist\u00eancia \u00e0 inala\u00e7\u00e3o aumentando o conforto e a seguran\u00e7a do usu\u00e1rio; &#8211; Fabricado em conformidade com a norma ABNT NBR 13697:2010; &#8211; Certificado de Aprova\u00e7\u00e3o: N\u00ba 31722.<\/p>\n","protected":false},"excerpt":{"rendered":"<p>&#8211; Filtro RC1 para part\u00edculas classe P2; &#8211; Utilizado sempre aos pares no Respirador Semifacial CG 304N; &#8211; S\u00e3o indicados<\/p>\n","protected":false},"featured_media":13412,"comment_status":"open","ping_status":"closed","template":"","meta":[],"pwb-brand":[],"product_brand":[],"product_cat":[164],"product_tag":[],"class_list":{"0":"post-13411","1":"product","2":"type-product","3":"status-publish","4":"has-post-thumbnail","6":"product_cat-epis","8":"first","9":"instock","10":"shipping-taxable","11":"product-type-simple"},"brands":[],"_links":{"self":[{"href":"https:\/\/nutribem.net\/loja\/wp-json\/wp\/v2\/product\/13411","targetHints":{"allow":["GET"]}}],"collection":[{"href":"https:\/\/nutribem.net\/loja\/wp-json\/wp\/v2\/product"}],"about":[{"href":"https:\/\/nutribem.net\/loja\/wp-json\/wp\/v2\/types\/product"}],"replies":[{"embeddable":true,"href":"https:\/\/nutribem.net\/loja\/wp-json\/wp\/v2\/comments?post=13411"}],"wp:featuredmedia":[{"embeddable":true,"href":"https:\/\/nutribem.net\/loja\/wp-json\/wp\/v2\/media\/13412"}],"wp:attachment":[{"href":"https:\/\/nutribem.net\/loja\/wp-json\/wp\/v2\/media?parent=13411"}],"wp:term":[{"taxonomy":"pwb-brand","embeddable":true,"href":"https:\/\/nutribem.net\/loja\/wp-json\/wp\/v2\/pwb-brand?post=13411"},{"taxonomy":"product_brand","embeddable":true,"href":"https:\/\/nutribem.net\/loja\/wp-json\/wp\/v2\/product_brand?post=13411"},{"taxonomy":"product_cat","embeddable":true,"href":"https:\/\/nutribem.net\/loja\/wp-json\/wp\/v2\/product_cat?post=13411"},{"taxonomy":"product_tag","embeddable":true,"href":"https:\/\/nutribem.net\/loja\/wp-json\/wp\/v2\/product_tag?post=13411"}],"curies":[{"name":"wp","href":"https:\/\/api.w.org\/{rel}","templated":true}]}}