{"id":13409,"date":"2025-03-04T14:12:41","date_gmt":"2025-03-04T14:12:41","guid":{"rendered":"https:\/\/nutribem.net\/?post_type=product&#038;p=13409"},"modified":"2025-08-19T13:08:36","modified_gmt":"2025-08-19T13:08:36","slug":"filtro-para-respirador-cg306-rc203","status":"publish","type":"product","link":"https:\/\/nutribem.net\/loja\/produto\/filtro-para-respirador-cg306-rc203\/","title":{"rendered":"FILTRO PARA RESPIRADOR CG306 RC203"},"content":{"rendered":"<p>Recomendado para a prote\u00e7\u00e3o das vias respirat\u00f3rias contra a a\u00e7\u00e3o de vapores org\u00e2nicos e gases \u00e1cidos com concentra\u00e7\u00e3o ambiental inferior a 1000ppm, tais como cloro at\u00e9 10ppm, di\u00f3xido de cloro, \u00e1cido clor\u00eddrico at\u00e9 50ppm, pintura em spray e pesticidas, acetona, petr\u00f3leo, propano, \u00e1lcool, etileno, glicol, nafta, nicotina, octana, monometil, \u00e9ter, piridina, \u00e1lcoois minerais, estireno e tolueno. Certificado de Aprova\u00e7\u00e3o: N\u00ba 7072<\/p>\n","protected":false},"excerpt":{"rendered":"<p>Recomendado para a prote\u00e7\u00e3o das vias respirat\u00f3rias contra a a\u00e7\u00e3o de vapores org\u00e2nicos e gases \u00e1cidos com concentra\u00e7\u00e3o ambiental inferior<\/p>\n","protected":false},"featured_media":13410,"comment_status":"open","ping_status":"closed","template":"","meta":[],"pwb-brand":[],"product_brand":[],"product_cat":[164],"product_tag":[],"class_list":{"0":"post-13409","1":"product","2":"type-product","3":"status-publish","4":"has-post-thumbnail","6":"product_cat-epis","8":"first","9":"instock","10":"shipping-taxable","11":"product-type-simple"},"brands":[],"_links":{"self":[{"href":"https:\/\/nutribem.net\/loja\/wp-json\/wp\/v2\/product\/13409","targetHints":{"allow":["GET"]}}],"collection":[{"href":"https:\/\/nutribem.net\/loja\/wp-json\/wp\/v2\/product"}],"about":[{"href":"https:\/\/nutribem.net\/loja\/wp-json\/wp\/v2\/types\/product"}],"replies":[{"embeddable":true,"href":"https:\/\/nutribem.net\/loja\/wp-json\/wp\/v2\/comments?post=13409"}],"wp:featuredmedia":[{"embeddable":true,"href":"https:\/\/nutribem.net\/loja\/wp-json\/wp\/v2\/media\/13410"}],"wp:attachment":[{"href":"https:\/\/nutribem.net\/loja\/wp-json\/wp\/v2\/media?parent=13409"}],"wp:term":[{"taxonomy":"pwb-brand","embeddable":true,"href":"https:\/\/nutribem.net\/loja\/wp-json\/wp\/v2\/pwb-brand?post=13409"},{"taxonomy":"product_brand","embeddable":true,"href":"https:\/\/nutribem.net\/loja\/wp-json\/wp\/v2\/product_brand?post=13409"},{"taxonomy":"product_cat","embeddable":true,"href":"https:\/\/nutribem.net\/loja\/wp-json\/wp\/v2\/product_cat?post=13409"},{"taxonomy":"product_tag","embeddable":true,"href":"https:\/\/nutribem.net\/loja\/wp-json\/wp\/v2\/product_tag?post=13409"}],"curies":[{"name":"wp","href":"https:\/\/api.w.org\/{rel}","templated":true}]}}