{"id":13405,"date":"2025-03-04T13:55:44","date_gmt":"2025-03-04T13:55:44","guid":{"rendered":"https:\/\/nutribem.net\/?post_type=product&#038;p=13405"},"modified":"2025-08-31T04:15:52","modified_gmt":"2025-08-31T04:15:52","slug":"abafador-de-ruido-concha","status":"publish","type":"product","link":"https:\/\/nutribem.net\/loja\/produto\/abafador-de-ruido-concha\/","title":{"rendered":"ABAFADOR DE RUIDO CONCHA"},"content":{"rendered":"<p>O Abafador Auditivo \u00e9 um Protetor Auditivo para quem busca seguran\u00e7a e qualidade no mesmo produto. Um dos principais diferenciais desse Equipamento de Prote\u00e7\u00e3o Individual (EPI) \u00e9 ele ser ajust\u00e1vel ao usu\u00e1rio e oferecer prote\u00e7\u00e3o n\u00e3o invasiva, isolando o ouvido da fonte de ru\u00eddo.<\/p>\n","protected":false},"excerpt":{"rendered":"<p>O Abafador Auditivo \u00e9 um Protetor Auditivo para quem busca seguran\u00e7a e qualidade no mesmo produto. Um dos principais diferenciais<\/p>\n","protected":false},"featured_media":13406,"comment_status":"open","ping_status":"closed","template":"","meta":[],"pwb-brand":[],"product_brand":[],"product_cat":[164],"product_tag":[],"class_list":{"0":"post-13405","1":"product","2":"type-product","3":"status-publish","4":"has-post-thumbnail","6":"product_cat-epis","8":"first","9":"instock","10":"shipping-taxable","11":"product-type-simple"},"brands":[],"_links":{"self":[{"href":"https:\/\/nutribem.net\/loja\/wp-json\/wp\/v2\/product\/13405","targetHints":{"allow":["GET"]}}],"collection":[{"href":"https:\/\/nutribem.net\/loja\/wp-json\/wp\/v2\/product"}],"about":[{"href":"https:\/\/nutribem.net\/loja\/wp-json\/wp\/v2\/types\/product"}],"replies":[{"embeddable":true,"href":"https:\/\/nutribem.net\/loja\/wp-json\/wp\/v2\/comments?post=13405"}],"wp:featuredmedia":[{"embeddable":true,"href":"https:\/\/nutribem.net\/loja\/wp-json\/wp\/v2\/media\/13406"}],"wp:attachment":[{"href":"https:\/\/nutribem.net\/loja\/wp-json\/wp\/v2\/media?parent=13405"}],"wp:term":[{"taxonomy":"pwb-brand","embeddable":true,"href":"https:\/\/nutribem.net\/loja\/wp-json\/wp\/v2\/pwb-brand?post=13405"},{"taxonomy":"product_brand","embeddable":true,"href":"https:\/\/nutribem.net\/loja\/wp-json\/wp\/v2\/product_brand?post=13405"},{"taxonomy":"product_cat","embeddable":true,"href":"https:\/\/nutribem.net\/loja\/wp-json\/wp\/v2\/product_cat?post=13405"},{"taxonomy":"product_tag","embeddable":true,"href":"https:\/\/nutribem.net\/loja\/wp-json\/wp\/v2\/product_tag?post=13405"}],"curies":[{"name":"wp","href":"https:\/\/api.w.org\/{rel}","templated":true}]}}