{"id":13374,"date":"2025-03-03T21:34:05","date_gmt":"2025-03-03T21:34:05","guid":{"rendered":"https:\/\/nutribem.net\/?post_type=product&#038;p=13374"},"modified":"2025-03-03T21:34:05","modified_gmt":"2025-03-03T21:34:05","slug":"aquecedor-marmiquent-retangular","status":"publish","type":"product","link":"https:\/\/nutribem.net\/loja\/produto\/aquecedor-marmiquent-retangular\/","title":{"rendered":"AQUECEDOR MARMIQUENT RETANGULAR"},"content":{"rendered":"<p>Com Marmita El\u00e9trica Autom\u00e1tica voc\u00ea leva de casa a comida caseira preparada com todo carinho e cuidado, sin\u00f4nimo de uma refei\u00e7\u00e3o saud\u00e1vel. O Aquecedor de Marmita utiliza o sistema de aquecimento a vapor, onde o sabor, a textura e as qualidades dos alimentos s\u00e3o preservados, proporcionando uma refei\u00e7\u00e3o mais saud\u00e1vel e sem riscos para a sua sa\u00fade.<\/p>\n<p>\u00c9 pr\u00e1tica, funcional e muito higi\u00eanica, pois aquece o alimento em vapor e individualmente.<br \/>\nMarmi Quent \u00e9 sin\u00f4nimo de uma boa refei\u00e7\u00e3o, sempre quentinha, saud\u00e1vel, na hora que quiser e onde quiser, bastando para isso um pouco de \u00e1gua e uma tomada, n\u00e3o importa a voltagem, a Marmi Quent \u00e9 Bivolt Autom\u00e1tico, pode ser ligada na tomada 127V e 220V.<\/p>\n<p>&#8211; Aquecimento a Vapor<br \/>\n&#8211; N\u00e3o contem material toxico<br \/>\n&#8211; Acompanha marmiteira com divis\u00f3ria m\u00f3vel<br \/>\n&#8211; Pr\u00e1tico<br \/>\n&#8211; Saud\u00e1vel<br \/>\n&#8211; Econ\u00f4mico<br \/>\n&#8211; Formato ergon\u00f4mico, com cantos arredondados para facilitar a higieniza\u00e7\u00e3o<\/p>\n","protected":false},"excerpt":{"rendered":"<p>Com Marmita El\u00e9trica Autom\u00e1tica voc\u00ea leva de casa a comida caseira preparada com todo carinho e cuidado, sin\u00f4nimo de uma<\/p>\n","protected":false},"featured_media":13375,"comment_status":"open","ping_status":"closed","template":"","meta":[],"pwb-brand":[],"product_brand":[],"product_cat":[15],"product_tag":[],"class_list":{"0":"post-13374","1":"product","2":"type-product","3":"status-publish","4":"has-post-thumbnail","6":"product_cat-nossos-produtos","8":"first","9":"instock","10":"shipping-taxable","11":"product-type-simple"},"brands":[],"_links":{"self":[{"href":"https:\/\/nutribem.net\/loja\/wp-json\/wp\/v2\/product\/13374","targetHints":{"allow":["GET"]}}],"collection":[{"href":"https:\/\/nutribem.net\/loja\/wp-json\/wp\/v2\/product"}],"about":[{"href":"https:\/\/nutribem.net\/loja\/wp-json\/wp\/v2\/types\/product"}],"replies":[{"embeddable":true,"href":"https:\/\/nutribem.net\/loja\/wp-json\/wp\/v2\/comments?post=13374"}],"wp:featuredmedia":[{"embeddable":true,"href":"https:\/\/nutribem.net\/loja\/wp-json\/wp\/v2\/media\/13375"}],"wp:attachment":[{"href":"https:\/\/nutribem.net\/loja\/wp-json\/wp\/v2\/media?parent=13374"}],"wp:term":[{"taxonomy":"pwb-brand","embeddable":true,"href":"https:\/\/nutribem.net\/loja\/wp-json\/wp\/v2\/pwb-brand?post=13374"},{"taxonomy":"product_brand","embeddable":true,"href":"https:\/\/nutribem.net\/loja\/wp-json\/wp\/v2\/product_brand?post=13374"},{"taxonomy":"product_cat","embeddable":true,"href":"https:\/\/nutribem.net\/loja\/wp-json\/wp\/v2\/product_cat?post=13374"},{"taxonomy":"product_tag","embeddable":true,"href":"https:\/\/nutribem.net\/loja\/wp-json\/wp\/v2\/product_tag?post=13374"}],"curies":[{"name":"wp","href":"https:\/\/api.w.org\/{rel}","templated":true}]}}