{"id":13356,"date":"2025-02-28T18:35:39","date_gmt":"2025-02-28T18:35:39","guid":{"rendered":"https:\/\/nutribem.net\/?post_type=product&#038;p=13356"},"modified":"2025-08-31T04:19:05","modified_gmt":"2025-08-31T04:19:05","slug":"barbante-rufil-colorido-700-gr","status":"publish","type":"product","link":"https:\/\/nutribem.net\/loja\/produto\/barbante-rufil-colorido-700-gr\/","title":{"rendered":"BARBANTE RUFIL COLORIDO 700 GR"},"content":{"rendered":"<p>Ciente da import\u00e2ncia do Meio Ambiente, a Rufil Barbantes s\u00f3 utiliza mat\u00e9ria prima produzida a partir de fibras t\u00eaxteis ecologicamente corretas. Respeitando a natureza enquanto oferece produtos de alta qualidade a clientes de todo o Brasil. Contamos com a mais diversificada linha de produtos de qualidade \u00edmpar, prontos a atender todas as suas necessidades. Possu\u00edmos uma grande variedade de produtos com diversificadas texturas e cores.<\/p>\n","protected":false},"excerpt":{"rendered":"<p>Ciente da import\u00e2ncia do Meio Ambiente, a Rufil Barbantes s\u00f3 utiliza mat\u00e9ria prima produzida a partir de fibras t\u00eaxteis ecologicamente<\/p>\n","protected":false},"featured_media":13357,"comment_status":"open","ping_status":"closed","template":"","meta":[],"pwb-brand":[],"product_brand":[],"product_cat":[160],"product_tag":[],"class_list":{"0":"post-13356","1":"product","2":"type-product","3":"status-publish","4":"has-post-thumbnail","6":"product_cat-coras","8":"first","9":"instock","10":"shipping-taxable","11":"product-type-simple"},"brands":[],"_links":{"self":[{"href":"https:\/\/nutribem.net\/loja\/wp-json\/wp\/v2\/product\/13356","targetHints":{"allow":["GET"]}}],"collection":[{"href":"https:\/\/nutribem.net\/loja\/wp-json\/wp\/v2\/product"}],"about":[{"href":"https:\/\/nutribem.net\/loja\/wp-json\/wp\/v2\/types\/product"}],"replies":[{"embeddable":true,"href":"https:\/\/nutribem.net\/loja\/wp-json\/wp\/v2\/comments?post=13356"}],"wp:featuredmedia":[{"embeddable":true,"href":"https:\/\/nutribem.net\/loja\/wp-json\/wp\/v2\/media\/13357"}],"wp:attachment":[{"href":"https:\/\/nutribem.net\/loja\/wp-json\/wp\/v2\/media?parent=13356"}],"wp:term":[{"taxonomy":"pwb-brand","embeddable":true,"href":"https:\/\/nutribem.net\/loja\/wp-json\/wp\/v2\/pwb-brand?post=13356"},{"taxonomy":"product_brand","embeddable":true,"href":"https:\/\/nutribem.net\/loja\/wp-json\/wp\/v2\/product_brand?post=13356"},{"taxonomy":"product_cat","embeddable":true,"href":"https:\/\/nutribem.net\/loja\/wp-json\/wp\/v2\/product_cat?post=13356"},{"taxonomy":"product_tag","embeddable":true,"href":"https:\/\/nutribem.net\/loja\/wp-json\/wp\/v2\/product_tag?post=13356"}],"curies":[{"name":"wp","href":"https:\/\/api.w.org\/{rel}","templated":true}]}}