{"id":13353,"date":"2025-02-27T17:54:38","date_gmt":"2025-02-27T17:54:38","guid":{"rendered":"https:\/\/nutribem.net\/?post_type=product&#038;p=13353"},"modified":"2025-02-27T17:54:38","modified_gmt":"2025-02-27T17:54:38","slug":"arruela-lisa-1-4","status":"publish","type":"product","link":"https:\/\/nutribem.net\/loja\/produto\/arruela-lisa-1-4\/","title":{"rendered":"ARRUELA LISA 1\/4"},"content":{"rendered":"<p>Como princ\u00edpio b\u00e1sico de utiliza\u00e7\u00e3o, as arruelas servem para evitar deforma\u00e7\u00f5es em contra pe\u00e7as (distribui\u00e7\u00e3o de for\u00e7a de aperto), reduzir folgas em furos folgados ou alongados.<\/p>\n","protected":false},"excerpt":{"rendered":"<p>Como princ\u00edpio b\u00e1sico de utiliza\u00e7\u00e3o, as arruelas servem para evitar deforma\u00e7\u00f5es em contra pe\u00e7as (distribui\u00e7\u00e3o de for\u00e7a de aperto), reduzir<\/p>\n","protected":false},"featured_media":13354,"comment_status":"open","ping_status":"closed","template":"","meta":[],"pwb-brand":[],"product_brand":[],"product_cat":[159],"product_tag":[],"class_list":{"0":"post-13353","1":"product","2":"type-product","3":"status-publish","4":"has-post-thumbnail","6":"product_cat-construcao","8":"first","9":"instock","10":"shipping-taxable","11":"product-type-simple"},"brands":[],"_links":{"self":[{"href":"https:\/\/nutribem.net\/loja\/wp-json\/wp\/v2\/product\/13353","targetHints":{"allow":["GET"]}}],"collection":[{"href":"https:\/\/nutribem.net\/loja\/wp-json\/wp\/v2\/product"}],"about":[{"href":"https:\/\/nutribem.net\/loja\/wp-json\/wp\/v2\/types\/product"}],"replies":[{"embeddable":true,"href":"https:\/\/nutribem.net\/loja\/wp-json\/wp\/v2\/comments?post=13353"}],"wp:featuredmedia":[{"embeddable":true,"href":"https:\/\/nutribem.net\/loja\/wp-json\/wp\/v2\/media\/13354"}],"wp:attachment":[{"href":"https:\/\/nutribem.net\/loja\/wp-json\/wp\/v2\/media?parent=13353"}],"wp:term":[{"taxonomy":"pwb-brand","embeddable":true,"href":"https:\/\/nutribem.net\/loja\/wp-json\/wp\/v2\/pwb-brand?post=13353"},{"taxonomy":"product_brand","embeddable":true,"href":"https:\/\/nutribem.net\/loja\/wp-json\/wp\/v2\/product_brand?post=13353"},{"taxonomy":"product_cat","embeddable":true,"href":"https:\/\/nutribem.net\/loja\/wp-json\/wp\/v2\/product_cat?post=13353"},{"taxonomy":"product_tag","embeddable":true,"href":"https:\/\/nutribem.net\/loja\/wp-json\/wp\/v2\/product_tag?post=13353"}],"curies":[{"name":"wp","href":"https:\/\/api.w.org\/{rel}","templated":true}]}}