{"id":13351,"date":"2025-02-27T17:48:55","date_gmt":"2025-02-27T17:48:55","guid":{"rendered":"https:\/\/nutribem.net\/?post_type=product&#038;p=13351"},"modified":"2025-08-31T04:18:45","modified_gmt":"2025-08-31T04:18:45","slug":"arruela-lisa-1-2","status":"publish","type":"product","link":"https:\/\/nutribem.net\/loja\/produto\/arruela-lisa-1-2\/","title":{"rendered":"ARRUELA LISA 1\/2"},"content":{"rendered":"<p>Arruela lisa \u00e9 um elemento de fixa\u00e7\u00e3o amplamente utilizado em montagens de m\u00e1quinas e equipamentos. Sua fun\u00e7\u00e3o \u00e9 proporcionar uma base mais est\u00e1vel e plana para o contato do parafuso ou porca com a pe\u00e7a onde ser\u00e1 aplicada a fixa\u00e7\u00e3o.<\/p>\n","protected":false},"excerpt":{"rendered":"<p>Arruela lisa \u00e9 um elemento de fixa\u00e7\u00e3o amplamente utilizado em montagens de m\u00e1quinas e equipamentos. Sua fun\u00e7\u00e3o \u00e9 proporcionar uma<\/p>\n","protected":false},"featured_media":13352,"comment_status":"open","ping_status":"closed","template":"","meta":[],"pwb-brand":[],"product_brand":[],"product_cat":[159],"product_tag":[],"class_list":{"0":"post-13351","1":"product","2":"type-product","3":"status-publish","4":"has-post-thumbnail","6":"product_cat-construcao","8":"first","9":"instock","10":"shipping-taxable","11":"product-type-simple"},"brands":[],"_links":{"self":[{"href":"https:\/\/nutribem.net\/loja\/wp-json\/wp\/v2\/product\/13351","targetHints":{"allow":["GET"]}}],"collection":[{"href":"https:\/\/nutribem.net\/loja\/wp-json\/wp\/v2\/product"}],"about":[{"href":"https:\/\/nutribem.net\/loja\/wp-json\/wp\/v2\/types\/product"}],"replies":[{"embeddable":true,"href":"https:\/\/nutribem.net\/loja\/wp-json\/wp\/v2\/comments?post=13351"}],"wp:featuredmedia":[{"embeddable":true,"href":"https:\/\/nutribem.net\/loja\/wp-json\/wp\/v2\/media\/13352"}],"wp:attachment":[{"href":"https:\/\/nutribem.net\/loja\/wp-json\/wp\/v2\/media?parent=13351"}],"wp:term":[{"taxonomy":"pwb-brand","embeddable":true,"href":"https:\/\/nutribem.net\/loja\/wp-json\/wp\/v2\/pwb-brand?post=13351"},{"taxonomy":"product_brand","embeddable":true,"href":"https:\/\/nutribem.net\/loja\/wp-json\/wp\/v2\/product_brand?post=13351"},{"taxonomy":"product_cat","embeddable":true,"href":"https:\/\/nutribem.net\/loja\/wp-json\/wp\/v2\/product_cat?post=13351"},{"taxonomy":"product_tag","embeddable":true,"href":"https:\/\/nutribem.net\/loja\/wp-json\/wp\/v2\/product_tag?post=13351"}],"curies":[{"name":"wp","href":"https:\/\/api.w.org\/{rel}","templated":true}]}}