{"id":13349,"date":"2025-02-27T17:30:21","date_gmt":"2025-02-27T17:30:21","guid":{"rendered":"https:\/\/nutribem.net\/?post_type=product&#038;p=13349"},"modified":"2025-02-27T17:30:21","modified_gmt":"2025-02-27T17:30:21","slug":"araldite-hobby-rap-trans-16gr-10-min","status":"publish","type":"product","link":"https:\/\/nutribem.net\/loja\/produto\/araldite-hobby-rap-trans-16gr-10-min\/","title":{"rendered":"ARALDITE HOBBY-RAP TRANS 16GR 10 MIN"},"content":{"rendered":"<p>No uso profissional e dom\u00e9stico. Araldite hobby \u00e9 indicado para reparos e colagens de pequenas superf\u00edcies de materiais lisos,<\/p>\n<p>porosos ou irregulares como azulejos, madeira, vidro, concreto, fibras naturais, pedras, a maioria dos pl\u00e1sticos r\u00edgidos (exceto polipropileno,<\/p>\n<p>polietileno e Nylon), metais e outros materiais. Resiste a temperaturas de at\u00e9 70 graus, secagem inicial em 10 minutos e secagem total em 8 horas<\/p>\n<p>Imagem Meramente Ilustrativa<\/p>\n","protected":false},"excerpt":{"rendered":"<p>No uso profissional e dom\u00e9stico. Araldite hobby \u00e9 indicado para reparos e colagens de pequenas superf\u00edcies de materiais lisos, porosos<\/p>\n","protected":false},"featured_media":13350,"comment_status":"open","ping_status":"closed","template":"","meta":[],"pwb-brand":[],"product_brand":[],"product_cat":[159],"product_tag":[],"class_list":{"0":"post-13349","1":"product","2":"type-product","3":"status-publish","4":"has-post-thumbnail","6":"product_cat-construcao","8":"first","9":"instock","10":"shipping-taxable","11":"product-type-simple"},"brands":[],"_links":{"self":[{"href":"https:\/\/nutribem.net\/loja\/wp-json\/wp\/v2\/product\/13349","targetHints":{"allow":["GET"]}}],"collection":[{"href":"https:\/\/nutribem.net\/loja\/wp-json\/wp\/v2\/product"}],"about":[{"href":"https:\/\/nutribem.net\/loja\/wp-json\/wp\/v2\/types\/product"}],"replies":[{"embeddable":true,"href":"https:\/\/nutribem.net\/loja\/wp-json\/wp\/v2\/comments?post=13349"}],"wp:featuredmedia":[{"embeddable":true,"href":"https:\/\/nutribem.net\/loja\/wp-json\/wp\/v2\/media\/13350"}],"wp:attachment":[{"href":"https:\/\/nutribem.net\/loja\/wp-json\/wp\/v2\/media?parent=13349"}],"wp:term":[{"taxonomy":"pwb-brand","embeddable":true,"href":"https:\/\/nutribem.net\/loja\/wp-json\/wp\/v2\/pwb-brand?post=13349"},{"taxonomy":"product_brand","embeddable":true,"href":"https:\/\/nutribem.net\/loja\/wp-json\/wp\/v2\/product_brand?post=13349"},{"taxonomy":"product_cat","embeddable":true,"href":"https:\/\/nutribem.net\/loja\/wp-json\/wp\/v2\/product_cat?post=13349"},{"taxonomy":"product_tag","embeddable":true,"href":"https:\/\/nutribem.net\/loja\/wp-json\/wp\/v2\/product_tag?post=13349"}],"curies":[{"name":"wp","href":"https:\/\/api.w.org\/{rel}","templated":true}]}}