{"id":13344,"date":"2025-02-27T11:12:56","date_gmt":"2025-02-27T11:12:56","guid":{"rendered":"https:\/\/nutribem.net\/?post_type=product&#038;p=13344"},"modified":"2025-08-14T06:55:46","modified_gmt":"2025-08-14T06:55:46","slug":"abracadeira-zinc-u-1","status":"publish","type":"product","link":"https:\/\/nutribem.net\/loja\/produto\/abracadeira-zinc-u-1\/","title":{"rendered":"ABRACADEIRA ZINC U 1&#8221;"},"content":{"rendered":"<p><strong>A Abra\u00e7adeira Zincada Tipo U 1&#8243; \u00e9 uma excelente solu\u00e7\u00e3o para fixa\u00e7\u00e3o segura e duradoura de tubula\u00e7\u00f5es. Este produto \u00e9 essencial para garantir a estabilidade e a organiza\u00e7\u00e3o das instala\u00e7\u00f5es em projetos residenciais, comerciais e industriais.<\/strong><\/p>\n<p>&nbsp;<\/p>\n","protected":false},"excerpt":{"rendered":"<p>A Abra\u00e7adeira Zincada Tipo U 1&#8243; \u00e9 uma excelente solu\u00e7\u00e3o para fixa\u00e7\u00e3o segura e duradoura de tubula\u00e7\u00f5es. Este produto \u00e9<\/p>\n","protected":false},"featured_media":13345,"comment_status":"open","ping_status":"closed","template":"","meta":[],"pwb-brand":[],"product_brand":[],"product_cat":[159],"product_tag":[],"class_list":{"0":"post-13344","1":"product","2":"type-product","3":"status-publish","4":"has-post-thumbnail","6":"product_cat-construcao","8":"first","9":"instock","10":"shipping-taxable","11":"product-type-simple"},"brands":[],"_links":{"self":[{"href":"https:\/\/nutribem.net\/loja\/wp-json\/wp\/v2\/product\/13344","targetHints":{"allow":["GET"]}}],"collection":[{"href":"https:\/\/nutribem.net\/loja\/wp-json\/wp\/v2\/product"}],"about":[{"href":"https:\/\/nutribem.net\/loja\/wp-json\/wp\/v2\/types\/product"}],"replies":[{"embeddable":true,"href":"https:\/\/nutribem.net\/loja\/wp-json\/wp\/v2\/comments?post=13344"}],"wp:featuredmedia":[{"embeddable":true,"href":"https:\/\/nutribem.net\/loja\/wp-json\/wp\/v2\/media\/13345"}],"wp:attachment":[{"href":"https:\/\/nutribem.net\/loja\/wp-json\/wp\/v2\/media?parent=13344"}],"wp:term":[{"taxonomy":"pwb-brand","embeddable":true,"href":"https:\/\/nutribem.net\/loja\/wp-json\/wp\/v2\/pwb-brand?post=13344"},{"taxonomy":"product_brand","embeddable":true,"href":"https:\/\/nutribem.net\/loja\/wp-json\/wp\/v2\/product_brand?post=13344"},{"taxonomy":"product_cat","embeddable":true,"href":"https:\/\/nutribem.net\/loja\/wp-json\/wp\/v2\/product_cat?post=13344"},{"taxonomy":"product_tag","embeddable":true,"href":"https:\/\/nutribem.net\/loja\/wp-json\/wp\/v2\/product_tag?post=13344"}],"curies":[{"name":"wp","href":"https:\/\/api.w.org\/{rel}","templated":true}]}}