{"id":13342,"date":"2025-02-27T00:18:49","date_gmt":"2025-02-27T00:18:49","guid":{"rendered":"https:\/\/nutribem.net\/?post_type=product&#038;p=13342"},"modified":"2025-08-24T15:05:54","modified_gmt":"2025-08-24T15:05:54","slug":"clim-90-cloro-tablete-1-kg","status":"publish","type":"product","link":"https:\/\/nutribem.net\/loja\/produto\/clim-90-cloro-tablete-1-kg\/","title":{"rendered":"CLIM 90- CLORO TABLETE 1 KG"},"content":{"rendered":"<p>O CLIM90 \u00c9 UM PRODUTO COM ALTO TEOR DE CLORO ATIVO, QUE PROPORCIONA MAIOR RENDIMENTO, FACILIDADE E SEGURAN\u00c7A NO TRANSPORTE, ARMAZENAGEM EM RELA\u00c7\u00c3O A OUTROS TIPOS DE CLORO.<br \/>\nIDEAL PARA APLICA\u00c7\u00d5ES ONDE H\u00c1 NECESSIDADE DE UMA FONTE CONCENTRADA DE CLORO COM DISSOLU\u00c7\u00c3O LENTA E CONT\u00cdNUA.<\/p>\n","protected":false},"excerpt":{"rendered":"<p>O CLIM90 \u00c9 UM PRODUTO COM ALTO TEOR DE CLORO ATIVO, QUE PROPORCIONA MAIOR RENDIMENTO, FACILIDADE E SEGURAN\u00c7A NO TRANSPORTE,<\/p>\n","protected":false},"featured_media":13343,"comment_status":"open","ping_status":"closed","template":"","meta":[],"pwb-brand":[],"product_brand":[],"product_cat":[183],"product_tag":[],"class_list":{"0":"post-13342","1":"product","2":"type-product","3":"status-publish","4":"has-post-thumbnail","6":"product_cat-produtos-para-piscinas","8":"first","9":"instock","10":"shipping-taxable","11":"product-type-simple"},"brands":[],"_links":{"self":[{"href":"https:\/\/nutribem.net\/loja\/wp-json\/wp\/v2\/product\/13342","targetHints":{"allow":["GET"]}}],"collection":[{"href":"https:\/\/nutribem.net\/loja\/wp-json\/wp\/v2\/product"}],"about":[{"href":"https:\/\/nutribem.net\/loja\/wp-json\/wp\/v2\/types\/product"}],"replies":[{"embeddable":true,"href":"https:\/\/nutribem.net\/loja\/wp-json\/wp\/v2\/comments?post=13342"}],"wp:featuredmedia":[{"embeddable":true,"href":"https:\/\/nutribem.net\/loja\/wp-json\/wp\/v2\/media\/13343"}],"wp:attachment":[{"href":"https:\/\/nutribem.net\/loja\/wp-json\/wp\/v2\/media?parent=13342"}],"wp:term":[{"taxonomy":"pwb-brand","embeddable":true,"href":"https:\/\/nutribem.net\/loja\/wp-json\/wp\/v2\/pwb-brand?post=13342"},{"taxonomy":"product_brand","embeddable":true,"href":"https:\/\/nutribem.net\/loja\/wp-json\/wp\/v2\/product_brand?post=13342"},{"taxonomy":"product_cat","embeddable":true,"href":"https:\/\/nutribem.net\/loja\/wp-json\/wp\/v2\/product_cat?post=13342"},{"taxonomy":"product_tag","embeddable":true,"href":"https:\/\/nutribem.net\/loja\/wp-json\/wp\/v2\/product_tag?post=13342"}],"curies":[{"name":"wp","href":"https:\/\/api.w.org\/{rel}","templated":true}]}}