{"id":13336,"date":"2025-02-26T23:47:33","date_gmt":"2025-02-26T23:47:33","guid":{"rendered":"https:\/\/nutribem.net\/?post_type=product&#038;p=13336"},"modified":"2025-08-18T09:48:17","modified_gmt":"2025-08-18T09:48:17","slug":"mub-beef-perform-50kg","status":"publish","type":"product","link":"https:\/\/nutribem.net\/loja\/produto\/mub-beef-perform-50kg\/","title":{"rendered":"MUB BEEF PERFORM 50KG"},"content":{"rendered":"<p>Mistura de umidade baixa a base de mela\u00e7o de cana-de-a\u00e7\u00facar enriquecida com macro e micro minerais, vitaminas e aditivos para corrigir as defici\u00eancias minerais e vitam\u00ednicas das pastagens. Indicado para bovinos de corte nas fases de cria, recria e engorda.<\/p>\n","protected":false},"excerpt":{"rendered":"<p>Mistura de umidade baixa a base de mela\u00e7o de cana-de-a\u00e7\u00facar enriquecida com macro e micro minerais, vitaminas e aditivos para<\/p>\n","protected":false},"featured_media":13335,"comment_status":"open","ping_status":"closed","template":"","meta":[],"pwb-brand":[],"product_brand":[],"product_cat":[157,15],"product_tag":[],"class_list":{"0":"post-13336","1":"product","2":"type-product","3":"status-publish","4":"has-post-thumbnail","6":"product_cat-produtos-agropecuarios","7":"product_cat-nossos-produtos","9":"first","10":"instock","11":"shipping-taxable","12":"product-type-simple"},"brands":[],"_links":{"self":[{"href":"https:\/\/nutribem.net\/loja\/wp-json\/wp\/v2\/product\/13336","targetHints":{"allow":["GET"]}}],"collection":[{"href":"https:\/\/nutribem.net\/loja\/wp-json\/wp\/v2\/product"}],"about":[{"href":"https:\/\/nutribem.net\/loja\/wp-json\/wp\/v2\/types\/product"}],"replies":[{"embeddable":true,"href":"https:\/\/nutribem.net\/loja\/wp-json\/wp\/v2\/comments?post=13336"}],"wp:featuredmedia":[{"embeddable":true,"href":"https:\/\/nutribem.net\/loja\/wp-json\/wp\/v2\/media\/13335"}],"wp:attachment":[{"href":"https:\/\/nutribem.net\/loja\/wp-json\/wp\/v2\/media?parent=13336"}],"wp:term":[{"taxonomy":"pwb-brand","embeddable":true,"href":"https:\/\/nutribem.net\/loja\/wp-json\/wp\/v2\/pwb-brand?post=13336"},{"taxonomy":"product_brand","embeddable":true,"href":"https:\/\/nutribem.net\/loja\/wp-json\/wp\/v2\/product_brand?post=13336"},{"taxonomy":"product_cat","embeddable":true,"href":"https:\/\/nutribem.net\/loja\/wp-json\/wp\/v2\/product_cat?post=13336"},{"taxonomy":"product_tag","embeddable":true,"href":"https:\/\/nutribem.net\/loja\/wp-json\/wp\/v2\/product_tag?post=13336"}],"curies":[{"name":"wp","href":"https:\/\/api.w.org\/{rel}","templated":true}]}}