{"id":13334,"date":"2025-02-26T23:36:58","date_gmt":"2025-02-26T23:36:58","guid":{"rendered":"https:\/\/nutribem.net\/?post_type=product&#038;p=13334"},"modified":"2025-08-31T04:23:40","modified_gmt":"2025-08-31T04:23:40","slug":"mub-beef-accelerator-50kg","status":"publish","type":"product","link":"https:\/\/nutribem.net\/loja\/produto\/mub-beef-accelerator-50kg\/","title":{"rendered":"MUB BEEF ACCELERATOR 50KG"},"content":{"rendered":"<p class=\"mt-3 body-extra-large color-blue-transparent\">Indicado para bovinos de corte nas fases de recria e engorda.<\/p>\n<p class=\"mt-3 body-large color-blue-800\">Produto de alta prote\u00edna, espec\u00edfico para maximizar o ganho de peso em situa\u00e7\u00e3o de menor<br \/>\ndisponibilidade e qualidade de forragem.<\/p>\n","protected":false},"excerpt":{"rendered":"<p>Indicado para bovinos de corte nas fases de recria e engorda. Produto de alta prote\u00edna, espec\u00edfico para maximizar o ganho<\/p>\n","protected":false},"featured_media":13335,"comment_status":"open","ping_status":"closed","template":"","meta":[],"pwb-brand":[],"product_brand":[],"product_cat":[157],"product_tag":[],"class_list":{"0":"post-13334","1":"product","2":"type-product","3":"status-publish","4":"has-post-thumbnail","6":"product_cat-produtos-agropecuarios","8":"first","9":"instock","10":"shipping-taxable","11":"product-type-simple"},"brands":[],"_links":{"self":[{"href":"https:\/\/nutribem.net\/loja\/wp-json\/wp\/v2\/product\/13334","targetHints":{"allow":["GET"]}}],"collection":[{"href":"https:\/\/nutribem.net\/loja\/wp-json\/wp\/v2\/product"}],"about":[{"href":"https:\/\/nutribem.net\/loja\/wp-json\/wp\/v2\/types\/product"}],"replies":[{"embeddable":true,"href":"https:\/\/nutribem.net\/loja\/wp-json\/wp\/v2\/comments?post=13334"}],"wp:featuredmedia":[{"embeddable":true,"href":"https:\/\/nutribem.net\/loja\/wp-json\/wp\/v2\/media\/13335"}],"wp:attachment":[{"href":"https:\/\/nutribem.net\/loja\/wp-json\/wp\/v2\/media?parent=13334"}],"wp:term":[{"taxonomy":"pwb-brand","embeddable":true,"href":"https:\/\/nutribem.net\/loja\/wp-json\/wp\/v2\/pwb-brand?post=13334"},{"taxonomy":"product_brand","embeddable":true,"href":"https:\/\/nutribem.net\/loja\/wp-json\/wp\/v2\/product_brand?post=13334"},{"taxonomy":"product_cat","embeddable":true,"href":"https:\/\/nutribem.net\/loja\/wp-json\/wp\/v2\/product_cat?post=13334"},{"taxonomy":"product_tag","embeddable":true,"href":"https:\/\/nutribem.net\/loja\/wp-json\/wp\/v2\/product_tag?post=13334"}],"curies":[{"name":"wp","href":"https:\/\/api.w.org\/{rel}","templated":true}]}}