{"id":13330,"date":"2025-02-26T23:17:32","date_gmt":"2025-02-26T23:17:32","guid":{"rendered":"https:\/\/nutribem.net\/?post_type=product&#038;p=13330"},"modified":"2025-09-05T06:24:22","modified_gmt":"2025-09-05T06:24:22","slug":"bromespect-10","status":"publish","type":"product","link":"https:\/\/nutribem.net\/loja\/produto\/bromespect-10\/","title":{"rendered":"BROMESPECT 10%"},"content":{"rendered":"<div class=\"elementor-element elementor-element-e85e304 elementor-widget elementor-widget-heading\" data-id=\"e85e304\" data-element_type=\"widget\" data-widget_type=\"heading.default\">\n<p class=\"elementor-heading-title elementor-size-default\">INDICA\u00c7\u00c3O:<\/p>\n<\/div>\n<div class=\"elementor-element elementor-element-f0c10b7 indication-description elementor-widget elementor-widget-text-editor\" data-id=\"f0c10b7\" data-element_type=\"widget\" data-widget_type=\"text-editor.default\">\n<p>Aves e Su\u00ednos:\u00a0Auxiliar no tratamento de doen\u00e7as respirat\u00f3rias, removendo as secre\u00e7\u00f5es acumuladas de muco pulmonar e melhorando a biodisponibilidade de antimicrobianos.<\/p>\n<\/div>\n","protected":false},"excerpt":{"rendered":"<p>INDICA\u00c7\u00c3O: Aves e Su\u00ednos:\u00a0Auxiliar no tratamento de doen\u00e7as respirat\u00f3rias, removendo as secre\u00e7\u00f5es acumuladas de muco pulmonar e melhorando a biodisponibilidade<\/p>\n","protected":false},"featured_media":13331,"comment_status":"open","ping_status":"closed","template":"","meta":[],"pwb-brand":[],"product_brand":[],"product_cat":[157],"product_tag":[],"class_list":{"0":"post-13330","1":"product","2":"type-product","3":"status-publish","4":"has-post-thumbnail","6":"product_cat-produtos-agropecuarios","8":"first","9":"instock","10":"shipping-taxable","11":"product-type-simple"},"brands":[],"_links":{"self":[{"href":"https:\/\/nutribem.net\/loja\/wp-json\/wp\/v2\/product\/13330","targetHints":{"allow":["GET"]}}],"collection":[{"href":"https:\/\/nutribem.net\/loja\/wp-json\/wp\/v2\/product"}],"about":[{"href":"https:\/\/nutribem.net\/loja\/wp-json\/wp\/v2\/types\/product"}],"replies":[{"embeddable":true,"href":"https:\/\/nutribem.net\/loja\/wp-json\/wp\/v2\/comments?post=13330"}],"wp:featuredmedia":[{"embeddable":true,"href":"https:\/\/nutribem.net\/loja\/wp-json\/wp\/v2\/media\/13331"}],"wp:attachment":[{"href":"https:\/\/nutribem.net\/loja\/wp-json\/wp\/v2\/media?parent=13330"}],"wp:term":[{"taxonomy":"pwb-brand","embeddable":true,"href":"https:\/\/nutribem.net\/loja\/wp-json\/wp\/v2\/pwb-brand?post=13330"},{"taxonomy":"product_brand","embeddable":true,"href":"https:\/\/nutribem.net\/loja\/wp-json\/wp\/v2\/product_brand?post=13330"},{"taxonomy":"product_cat","embeddable":true,"href":"https:\/\/nutribem.net\/loja\/wp-json\/wp\/v2\/product_cat?post=13330"},{"taxonomy":"product_tag","embeddable":true,"href":"https:\/\/nutribem.net\/loja\/wp-json\/wp\/v2\/product_tag?post=13330"}],"curies":[{"name":"wp","href":"https:\/\/api.w.org\/{rel}","templated":true}]}}