{"id":13311,"date":"2025-02-26T17:09:23","date_gmt":"2025-02-26T17:09:23","guid":{"rendered":"https:\/\/nutribem.net\/?post_type=product&#038;p=13311"},"modified":"2025-08-18T09:46:13","modified_gmt":"2025-08-18T09:46:13","slug":"carrinho-const-plast-90l-metasul","status":"publish","type":"product","link":"https:\/\/nutribem.net\/loja\/produto\/carrinho-const-plast-90l-metasul\/","title":{"rendered":"CARRINHO CONST PLAST 90L METASUL"},"content":{"rendered":"<p>Carrinho de M\u00e3o Pneu\/C\u00e2mara Ca\u00e7amba Pl\u00e1stica (Anti-UV) 90 Litros Azul<\/p>\n<p>Utilizado para transporte e armazenagem de ferramentas, s\u00f3lidos e l\u00edquidos entre outras atividades, podendo ser usado inclusive em regi\u00f5es litor\u00e2neas.<\/p>\n<p>Ca\u00e7amba de 90 litros fabricada em PEAD de rotomoldagem com aditivo anti &#8211; UV;<\/p>\n<p>Possui alta resist\u00eancia ao desgaste e impactos originados pelo uso constante;<\/p>\n<p>N\u00e3o sofre corros\u00e3o quando utilizado em granjas ou pecu\u00e1ria no transporte de dejetos;<\/p>\n<p>Possui bordas e bico arredondado para facilitar a descarga dos materiais;<\/p>\n<p>Proporciona deslocamentos mais f\u00e1ceis, seja de ferramentas, materiais corrosivos ou materiais diversos como terra, areia entre outros;<\/p>\n<p>Fornecido desmontado, acompanha kit de parafusos e demais componentes;<\/p>\n<p>Chassis em a\u00e7o com tubo de di\u00e2metros 1.1\/4 x 1,20 mm;<\/p>\n<p>P\u00e9s e travessas de 2,0 mm x 45,0 mm;<\/p>\n<p>Pintura sint\u00e9tica na cor azul;<\/p>\n<p>Aro pl\u00e1stico e pneu com c\u00e2mara 3.25\/8&#8243;;<\/p>\n<p>Maior profundidade e capacidade de carga.<\/p>\n<p>Capacidade: 90 kg<\/p>\n<p>Dimens\u00f5es:<\/p>\n<p>Altura: 650mm<\/p>\n<p>Largura: 465mm<\/p>\n<p>Comprimento: 1500mm<\/p>\n<p>Marca: Metasul<\/p>\n","protected":false},"excerpt":{"rendered":"<p>Carrinho de M\u00e3o Pneu\/C\u00e2mara Ca\u00e7amba Pl\u00e1stica (Anti-UV) 90 Litros Azul Utilizado para transporte e armazenagem de ferramentas, s\u00f3lidos e l\u00edquidos<\/p>\n","protected":false},"featured_media":13312,"comment_status":"open","ping_status":"closed","template":"","meta":[],"pwb-brand":[],"product_brand":[],"product_cat":[154,159],"product_tag":[],"class_list":{"0":"post-13311","1":"product","2":"type-product","3":"status-publish","4":"has-post-thumbnail","6":"product_cat-carriolas","7":"product_cat-construcao","9":"first","10":"instock","11":"shipping-taxable","12":"product-type-simple"},"brands":[],"_links":{"self":[{"href":"https:\/\/nutribem.net\/loja\/wp-json\/wp\/v2\/product\/13311","targetHints":{"allow":["GET"]}}],"collection":[{"href":"https:\/\/nutribem.net\/loja\/wp-json\/wp\/v2\/product"}],"about":[{"href":"https:\/\/nutribem.net\/loja\/wp-json\/wp\/v2\/types\/product"}],"replies":[{"embeddable":true,"href":"https:\/\/nutribem.net\/loja\/wp-json\/wp\/v2\/comments?post=13311"}],"wp:featuredmedia":[{"embeddable":true,"href":"https:\/\/nutribem.net\/loja\/wp-json\/wp\/v2\/media\/13312"}],"wp:attachment":[{"href":"https:\/\/nutribem.net\/loja\/wp-json\/wp\/v2\/media?parent=13311"}],"wp:term":[{"taxonomy":"pwb-brand","embeddable":true,"href":"https:\/\/nutribem.net\/loja\/wp-json\/wp\/v2\/pwb-brand?post=13311"},{"taxonomy":"product_brand","embeddable":true,"href":"https:\/\/nutribem.net\/loja\/wp-json\/wp\/v2\/product_brand?post=13311"},{"taxonomy":"product_cat","embeddable":true,"href":"https:\/\/nutribem.net\/loja\/wp-json\/wp\/v2\/product_cat?post=13311"},{"taxonomy":"product_tag","embeddable":true,"href":"https:\/\/nutribem.net\/loja\/wp-json\/wp\/v2\/product_tag?post=13311"}],"curies":[{"name":"wp","href":"https:\/\/api.w.org\/{rel}","templated":true}]}}