{"id":13309,"date":"2025-02-26T17:06:10","date_gmt":"2025-02-26T17:06:10","guid":{"rendered":"https:\/\/nutribem.net\/?post_type=product&#038;p=13309"},"modified":"2025-02-26T17:06:10","modified_gmt":"2025-02-26T17:06:10","slug":"carrinho-metalpama-728","status":"publish","type":"product","link":"https:\/\/nutribem.net\/loja\/produto\/carrinho-metalpama-728\/","title":{"rendered":"CARRINHO METALPAMA 728"},"content":{"rendered":"<h2><strong>Nossos Carrinhos de M\u00e3o<\/strong><\/h2>\n<p>Aliando qualidade e tecnologia os carrinhos METALPAMA, s\u00e3o \u00edcones no mercado nacional e do MERCOSUL h\u00e1 quase cinco d\u00e9cadas. Afim de atender a todos os tipos de obras e servi\u00e7os temos diversas linhas e caracter\u00edsticas para melhor atender nossos clientes. Escolha a sua e m\u00e3os a obra.<\/p>\n<h2><strong>Carrinhos METALPAMA Linha 700 \u2013 Preto<\/strong><\/h2>\n<p>Os carrinhos METALPAMA da linha, 700 na cor preta, s\u00e3o produzidos com chapas nobres e materiais de extrema qualidade. O acabamento com pintura esmalte \u00e9 inigual\u00e1vel, tornando o produto uma refer\u00eancia no setor de constru\u00e7\u00e3o civil. Com pre\u00e7o acess\u00edvel \u00e9 utilizado em todos os tipos de obras, no setor hortifrutigranjeiro e servi\u00e7os de jardinagem.<\/p>\n<p>&nbsp;<\/p>\n<h2><strong>Carrinho L700 C\u00f3d. 0010728 Preto<\/strong><\/h2>\n<p>&nbsp;<\/p>\n<p><strong>Volume<\/strong>:\u00a060 Litros<\/p>\n<p><strong>Peso<\/strong>\u00a0:\u00a07,675 kg<\/p>\n<p>&nbsp;<\/p>\n<h3><strong>Ca\u00e7amba<\/strong><\/h3>\n<p><strong>Comprimento<\/strong>\u00a0= 820mm<\/p>\n<p><strong>Largura<\/strong>\u00a0= 635mm<\/p>\n<p><strong>Altura<\/strong>\u00a0= 200mm<\/p>\n<p><strong>Espessura<\/strong>= 0,45mm (CH26)<\/p>\n<p>&nbsp;<\/p>\n<h3><strong>Varal<\/strong><\/h3>\n<p><strong>Di\u00e2metro<\/strong>\u00a0= 31,75mm<\/p>\n<p><strong>Espessura<\/strong>\u00a0= 0,90mm<\/p>\n<p><strong>Comprimento<\/strong>\u00a0= 1430mm<\/p>\n<p>&nbsp;<\/p>\n<h3><strong>Roda<\/strong><\/h3>\n<p>RPC 628 \u2013 325.8 360mm<\/p>\n<p><strong>Aro<\/strong>: ARC 8 CP Cubo PP 0,90mm (CH20)<\/p>\n","protected":false},"excerpt":{"rendered":"<p>Nossos Carrinhos de M\u00e3o Aliando qualidade e tecnologia os carrinhos METALPAMA, s\u00e3o \u00edcones no mercado nacional e do MERCOSUL h\u00e1<\/p>\n","protected":false},"featured_media":13310,"comment_status":"open","ping_status":"closed","template":"","meta":[],"pwb-brand":[],"product_brand":[],"product_cat":[154],"product_tag":[],"class_list":{"0":"post-13309","1":"product","2":"type-product","3":"status-publish","4":"has-post-thumbnail","6":"product_cat-carriolas","8":"first","9":"instock","10":"shipping-taxable","11":"product-type-simple"},"brands":[],"_links":{"self":[{"href":"https:\/\/nutribem.net\/loja\/wp-json\/wp\/v2\/product\/13309","targetHints":{"allow":["GET"]}}],"collection":[{"href":"https:\/\/nutribem.net\/loja\/wp-json\/wp\/v2\/product"}],"about":[{"href":"https:\/\/nutribem.net\/loja\/wp-json\/wp\/v2\/types\/product"}],"replies":[{"embeddable":true,"href":"https:\/\/nutribem.net\/loja\/wp-json\/wp\/v2\/comments?post=13309"}],"wp:featuredmedia":[{"embeddable":true,"href":"https:\/\/nutribem.net\/loja\/wp-json\/wp\/v2\/media\/13310"}],"wp:attachment":[{"href":"https:\/\/nutribem.net\/loja\/wp-json\/wp\/v2\/media?parent=13309"}],"wp:term":[{"taxonomy":"pwb-brand","embeddable":true,"href":"https:\/\/nutribem.net\/loja\/wp-json\/wp\/v2\/pwb-brand?post=13309"},{"taxonomy":"product_brand","embeddable":true,"href":"https:\/\/nutribem.net\/loja\/wp-json\/wp\/v2\/product_brand?post=13309"},{"taxonomy":"product_cat","embeddable":true,"href":"https:\/\/nutribem.net\/loja\/wp-json\/wp\/v2\/product_cat?post=13309"},{"taxonomy":"product_tag","embeddable":true,"href":"https:\/\/nutribem.net\/loja\/wp-json\/wp\/v2\/product_tag?post=13309"}],"curies":[{"name":"wp","href":"https:\/\/api.w.org\/{rel}","templated":true}]}}