{"id":13302,"date":"2025-02-26T16:52:12","date_gmt":"2025-02-26T16:52:12","guid":{"rendered":"https:\/\/nutribem.net\/?post_type=product&#038;p=13302"},"modified":"2025-08-31T04:19:41","modified_gmt":"2025-08-31T04:19:41","slug":"betoneira-200l-rb-c-red-c-motor-1cv-mono","status":"publish","type":"product","link":"https:\/\/nutribem.net\/loja\/produto\/betoneira-200l-rb-c-red-c-motor-1cv-mono\/","title":{"rendered":"BETONEIRA 200L RB C\/RED C\/MOTOR 1CV MONO"},"content":{"rendered":"<p>Indicada para obras de pequeno e m\u00e9dio porte, a Betoneira METALPAMA RENTAL BM200 C\/Redutor, diferencia-se por ser de f\u00e1cil manuten\u00e7\u00e3o e locomo\u00e7\u00e3o. Possui um moderno sistema de redu\u00e7\u00e3o de esfor\u00e7o, tornando muito mais c\u00f4modo e confort\u00e1vel o seu manuseio. Atende todas as normatiza\u00e7\u00f5es de seguran\u00e7a e conta com motor monof\u00e1sico de 1cv, chave de seguran\u00e7a e bot\u00e3o de desligamento autom\u00e1tico.S<\/p>\n","protected":false},"excerpt":{"rendered":"<p>Indicada para obras de pequeno e m\u00e9dio porte, a Betoneira METALPAMA RENTAL BM200 C\/Redutor, diferencia-se por ser de f\u00e1cil manuten\u00e7\u00e3o<\/p>\n","protected":false},"featured_media":13303,"comment_status":"open","ping_status":"closed","template":"","meta":[],"pwb-brand":[],"product_brand":[],"product_cat":[154,159],"product_tag":[],"class_list":{"0":"post-13302","1":"product","2":"type-product","3":"status-publish","4":"has-post-thumbnail","6":"product_cat-carriolas","7":"product_cat-construcao","9":"first","10":"instock","11":"shipping-taxable","12":"product-type-simple"},"brands":[],"_links":{"self":[{"href":"https:\/\/nutribem.net\/loja\/wp-json\/wp\/v2\/product\/13302","targetHints":{"allow":["GET"]}}],"collection":[{"href":"https:\/\/nutribem.net\/loja\/wp-json\/wp\/v2\/product"}],"about":[{"href":"https:\/\/nutribem.net\/loja\/wp-json\/wp\/v2\/types\/product"}],"replies":[{"embeddable":true,"href":"https:\/\/nutribem.net\/loja\/wp-json\/wp\/v2\/comments?post=13302"}],"wp:featuredmedia":[{"embeddable":true,"href":"https:\/\/nutribem.net\/loja\/wp-json\/wp\/v2\/media\/13303"}],"wp:attachment":[{"href":"https:\/\/nutribem.net\/loja\/wp-json\/wp\/v2\/media?parent=13302"}],"wp:term":[{"taxonomy":"pwb-brand","embeddable":true,"href":"https:\/\/nutribem.net\/loja\/wp-json\/wp\/v2\/pwb-brand?post=13302"},{"taxonomy":"product_brand","embeddable":true,"href":"https:\/\/nutribem.net\/loja\/wp-json\/wp\/v2\/product_brand?post=13302"},{"taxonomy":"product_cat","embeddable":true,"href":"https:\/\/nutribem.net\/loja\/wp-json\/wp\/v2\/product_cat?post=13302"},{"taxonomy":"product_tag","embeddable":true,"href":"https:\/\/nutribem.net\/loja\/wp-json\/wp\/v2\/product_tag?post=13302"}],"curies":[{"name":"wp","href":"https:\/\/api.w.org\/{rel}","templated":true}]}}