{"id":13292,"date":"2025-02-26T11:29:31","date_gmt":"2025-02-26T11:29:31","guid":{"rendered":"https:\/\/nutribem.net\/?post_type=product&#038;p=13292"},"modified":"2025-08-31T04:20:39","modified_gmt":"2025-08-31T04:20:39","slug":"bota-toda-vida-azul-33","status":"publish","type":"product","link":"https:\/\/nutribem.net\/loja\/produto\/bota-toda-vida-azul-33\/","title":{"rendered":"BOTA TODA VIDA AZUL 33"},"content":{"rendered":"<p>Uso em dias chuvosos ou em pisos \u00famidos ou com lama. Bota em modelo unissex, confeccionada em material macio e confort\u00e1vel com forro interno poli\u00e9ster.<\/p>\n","protected":false},"excerpt":{"rendered":"<p>Uso em dias chuvosos ou em pisos \u00famidos ou com lama. Bota em modelo unissex, confeccionada em material macio e<\/p>\n","protected":false},"featured_media":13293,"comment_status":"open","ping_status":"closed","template":"","meta":[],"pwb-brand":[],"product_brand":[],"product_cat":[153],"product_tag":[],"class_list":{"0":"post-13292","1":"product","2":"type-product","3":"status-publish","4":"has-post-thumbnail","6":"product_cat-calcados","8":"first","9":"instock","10":"shipping-taxable","11":"product-type-simple"},"brands":[],"_links":{"self":[{"href":"https:\/\/nutribem.net\/loja\/wp-json\/wp\/v2\/product\/13292","targetHints":{"allow":["GET"]}}],"collection":[{"href":"https:\/\/nutribem.net\/loja\/wp-json\/wp\/v2\/product"}],"about":[{"href":"https:\/\/nutribem.net\/loja\/wp-json\/wp\/v2\/types\/product"}],"replies":[{"embeddable":true,"href":"https:\/\/nutribem.net\/loja\/wp-json\/wp\/v2\/comments?post=13292"}],"wp:featuredmedia":[{"embeddable":true,"href":"https:\/\/nutribem.net\/loja\/wp-json\/wp\/v2\/media\/13293"}],"wp:attachment":[{"href":"https:\/\/nutribem.net\/loja\/wp-json\/wp\/v2\/media?parent=13292"}],"wp:term":[{"taxonomy":"pwb-brand","embeddable":true,"href":"https:\/\/nutribem.net\/loja\/wp-json\/wp\/v2\/pwb-brand?post=13292"},{"taxonomy":"product_brand","embeddable":true,"href":"https:\/\/nutribem.net\/loja\/wp-json\/wp\/v2\/product_brand?post=13292"},{"taxonomy":"product_cat","embeddable":true,"href":"https:\/\/nutribem.net\/loja\/wp-json\/wp\/v2\/product_cat?post=13292"},{"taxonomy":"product_tag","embeddable":true,"href":"https:\/\/nutribem.net\/loja\/wp-json\/wp\/v2\/product_tag?post=13292"}],"curies":[{"name":"wp","href":"https:\/\/api.w.org\/{rel}","templated":true}]}}