{"id":13178,"date":"2025-02-24T12:36:48","date_gmt":"2025-02-24T12:36:48","guid":{"rendered":"https:\/\/nutribem.net\/?post_type=product&#038;p=13178"},"modified":"2025-08-19T12:56:49","modified_gmt":"2025-08-19T12:56:49","slug":"adaptor-mandril-1-2-sds-plus-bestfer","status":"publish","type":"product","link":"https:\/\/nutribem.net\/loja\/produto\/adaptor-mandril-1-2-sds-plus-bestfer\/","title":{"rendered":"ADAPTADOR MANDRIL 1\/2 SDS PLUS BESTFER"},"content":{"rendered":"<p class=\"vtex-store-components-3-x-productNameContainer vtex-store-components-3-x-productNameContainer--quickview mv0 t-heading-4\">Adaptor Mandril 1\/2 Sds Plus Bestfer &#8211;<br \/>\nCaracter\u00edsticas Gerais do Produto:<br \/>\nAcompanha o produto:<br \/>\n&#8211; 01 parafuso de fixa\u00e7\u00e3o do mandril.<br \/>\nGarantia:<br \/>\n&#8211; 3 meses<\/p>\n","protected":false},"excerpt":{"rendered":"<p>Adaptor Mandril 1\/2 Sds Plus Bestfer &#8211; Caracter\u00edsticas Gerais do Produto: Acompanha o produto: &#8211; 01 parafuso de fixa\u00e7\u00e3o do<\/p>\n","protected":false},"featured_media":13179,"comment_status":"open","ping_status":"closed","template":"","meta":[],"pwb-brand":[],"product_brand":[],"product_cat":[149,125],"product_tag":[],"class_list":{"0":"post-13178","1":"product","2":"type-product","3":"status-publish","4":"has-post-thumbnail","6":"product_cat-acessorios-e-equipamentos","7":"product_cat-equipamentos-e-ferramentas","9":"first","10":"instock","11":"shipping-taxable","12":"product-type-simple"},"brands":[],"_links":{"self":[{"href":"https:\/\/nutribem.net\/loja\/wp-json\/wp\/v2\/product\/13178","targetHints":{"allow":["GET"]}}],"collection":[{"href":"https:\/\/nutribem.net\/loja\/wp-json\/wp\/v2\/product"}],"about":[{"href":"https:\/\/nutribem.net\/loja\/wp-json\/wp\/v2\/types\/product"}],"replies":[{"embeddable":true,"href":"https:\/\/nutribem.net\/loja\/wp-json\/wp\/v2\/comments?post=13178"}],"wp:featuredmedia":[{"embeddable":true,"href":"https:\/\/nutribem.net\/loja\/wp-json\/wp\/v2\/media\/13179"}],"wp:attachment":[{"href":"https:\/\/nutribem.net\/loja\/wp-json\/wp\/v2\/media?parent=13178"}],"wp:term":[{"taxonomy":"pwb-brand","embeddable":true,"href":"https:\/\/nutribem.net\/loja\/wp-json\/wp\/v2\/pwb-brand?post=13178"},{"taxonomy":"product_brand","embeddable":true,"href":"https:\/\/nutribem.net\/loja\/wp-json\/wp\/v2\/product_brand?post=13178"},{"taxonomy":"product_cat","embeddable":true,"href":"https:\/\/nutribem.net\/loja\/wp-json\/wp\/v2\/product_cat?post=13178"},{"taxonomy":"product_tag","embeddable":true,"href":"https:\/\/nutribem.net\/loja\/wp-json\/wp\/v2\/product_tag?post=13178"}],"curies":[{"name":"wp","href":"https:\/\/api.w.org\/{rel}","templated":true}]}}